{"id":1872,"date":"2020-12-04T18:12:51","date_gmt":"2020-12-04T18:12:51","guid":{"rendered":"https:\/\/l-m.ca\/?page_id=1872"},"modified":"2023-12-13T17:52:27","modified_gmt":"2023-12-13T17:52:27","slug":"agent-francois-martineau","status":"publish","type":"page","link":"https:\/\/martineauip.ca\/en\/agent-francois-martineau\/","title":{"rendered":"Agent \/ Fran\u00e7ois Martineau"},"content":{"rendered":"<div data-elementor-type=\"wp-page\" data-elementor-id=\"1872\" class=\"elementor elementor-1872\">\n\t\t\t\t\t\t<section class=\"elementor-section elementor-top-section elementor-element elementor-element-f95d6e3 elementor-section-full_width elementor-section-height-default elementor-section-height-default\" data-id=\"f95d6e3\" data-element_type=\"section\" data-settings=\"{&quot;background_background&quot;:&quot;classic&quot;}\">\n\t\t\t\t\t\t<div class=\"elementor-container elementor-column-gap-no\">\n\t\t\t\t\t<div class=\"elementor-column elementor-col-50 elementor-top-column elementor-element elementor-element-99fc4ec\" data-id=\"99fc4ec\" data-element_type=\"column\" data-settings=\"{&quot;background_background&quot;:&quot;slideshow&quot;,&quot;background_slideshow_gallery&quot;:[{&quot;id&quot;:3113,&quot;url&quot;:&quot;https:\\\/\\\/martineauip.ca\\\/wp-content\\\/uploads\\\/TAYN0065.jpg&quot;}],&quot;background_slideshow_loop&quot;:&quot;yes&quot;,&quot;background_slideshow_slide_duration&quot;:5000,&quot;background_slideshow_slide_transition&quot;:&quot;fade&quot;,&quot;background_slideshow_transition_duration&quot;:500}\">\n\t\t\t<div class=\"elementor-widget-wrap elementor-element-populated\">\n\t\t\t\t\t\t<div class=\"elementor-element elementor-element-a12e338 elementor-widget elementor-widget-heading\" data-id=\"a12e338\" data-element_type=\"widget\" data-widget_type=\"heading.default\">\n\t\t\t\t<div class=\"elementor-widget-container\">\n\t\t\t\t\t<h1 class=\"elementor-heading-title elementor-size-default\">Fran\u00e7ois<\/h1>\t\t\t\t<\/div>\n\t\t\t\t<\/div>\n\t\t\t\t<div class=\"elementor-element elementor-element-790c8c8 elementor-widget elementor-widget-heading\" data-id=\"790c8c8\" data-element_type=\"widget\" data-widget_type=\"heading.default\">\n\t\t\t\t<div class=\"elementor-widget-container\">\n\t\t\t\t\t<h1 class=\"elementor-heading-title elementor-size-default\">Martineau<\/h1>\t\t\t\t<\/div>\n\t\t\t\t<\/div>\n\t\t\t\t<div class=\"elementor-element elementor-element-24630ff elementor-shape-circle e-grid-align-right elementor-grid-0 elementor-widget elementor-widget-social-icons\" data-id=\"24630ff\" data-element_type=\"widget\" data-widget_type=\"social-icons.default\">\n\t\t\t\t<div class=\"elementor-widget-container\">\n\t\t\t\t\t\t\t<div class=\"elementor-social-icons-wrapper elementor-grid\">\n\t\t\t\t\t\t\t<span class=\"elementor-grid-item\">\n\t\t\t\t\t<a class=\"elementor-icon elementor-social-icon elementor-social-icon-envelope elementor-repeater-item-e16286d\" href=\"mailto:francois@martineauip.ca%20\u00e0%20\" target=\"_blank\">\n\t\t\t\t\t\t<span class=\"elementor-screen-only\">Envelope<\/span>\n\t\t\t\t\t\t<i aria-hidden=\"true\" class=\"fas fa-envelope\"><\/i>\t\t\t\t\t<\/a>\n\t\t\t\t<\/span>\n\t\t\t\t\t<\/div>\n\t\t\t\t\t\t<\/div>\n\t\t\t\t<\/div>\n\t\t\t\t\t<\/div>\n\t\t<\/div>\n\t\t\t\t<div class=\"elementor-column elementor-col-50 elementor-top-column elementor-element elementor-element-45414c3\" data-id=\"45414c3\" data-element_type=\"column\" data-settings=\"{&quot;background_background&quot;:&quot;classic&quot;}\">\n\t\t\t<div class=\"elementor-widget-wrap elementor-element-populated\">\n\t\t\t\t\t\t<div class=\"elementor-element elementor-element-91de75e elementor-widget elementor-widget-text-editor\" data-id=\"91de75e\" data-element_type=\"widget\" data-widget_type=\"text-editor.default\">\n\t\t\t\t<div class=\"elementor-widget-container\">\n\t\t\t\t\t\t\t\t\t<h2 class=\"translation-block\"><strong>Patent <\/strong>Agent<br><small>Of Counsel<\/small><\/h2>\t\t\t\t\t\t\t\t<\/div>\n\t\t\t\t<\/div>\n\t\t\t\t<div class=\"elementor-element elementor-element-b6bdd4c elementor-widget elementor-widget-text-editor\" data-id=\"b6bdd4c\" data-element_type=\"widget\" data-widget_type=\"text-editor.default\">\n\t\t\t\t<div class=\"elementor-widget-container\">\n\t\t\t\t\t\t\t\t\t<ul><li class=\"translation-block\">Patent Agent, Member of the College of <a href=\"https:\/\/l-m.ca\/informations-sur-la-propriete-intellectuelle\/\" target=\"_blank\" rel=\"noopener\">Patent Agents &amp; Trademark Agents (CPATA) of Canada (2021)<\/a> (formerly patent agent registered before the Canadian Intellectual Property Office (1987), as the profession was known before 2021)<\/li><li>Registered patent agent before the American Patent Office (1988)<\/li><li>Undergraduate degree in biological sciences - University of Montreal (B.Sc. 1979)<\/li><li>Graduate diploma in management - McGill University (1985)<\/li><li>Law university training - University of Ottawa and McGill University (1979 to 1982)<\/li><li>Emeritus member of the Canadian Intellectual Property Office (IPIC)<\/li><\/ul>\t\t\t\t\t\t\t\t<\/div>\n\t\t\t\t<\/div>\n\t\t\t\t\t<\/div>\n\t\t<\/div>\n\t\t\t\t\t<\/div>\n\t\t<\/section>\n\t\t\t\t<\/div>","protected":false},"excerpt":{"rendered":"<p>Fran\u00e7ois Martineau Envelope Agent de brevets Conseil Agent de brevet, membre du Coll\u00e8ge des Agents de Brevets et des Agents de Marques de Commerce (CABAMC) du Canada (2021) (anciennement agent &#8230;<\/p>","protected":false},"author":1,"featured_media":0,"parent":0,"menu_order":4,"comment_status":"closed","ping_status":"closed","template":"template-fullwidth-stretched.php","meta":{"_mbp_gutenberg_autopost":false,"footnotes":""},"class_list":["post-1872","page","type-page","status-publish","hentry"],"yoast_head":"<!-- This site is optimized with the Yoast SEO plugin v26.4 - https:\/\/yoast.com\/wordpress\/plugins\/seo\/ -->\n<title>Fran\u00e7ois Martineau | Agent de brevets - Martineau IP<\/title>\n<meta name=\"description\" content=\"Fran\u00e7ois Martineau est un agent de brevets exp\u00e9riment\u00e9 et agr\u00e9\u00e9 aupr\u00e8s des Bureaux des brevets canadiens et am\u00e9ricains.\" \/>\n<meta name=\"robots\" content=\"index, follow, max-snippet:-1, max-image-preview:large, max-video-preview:-1\" \/>\n<link rel=\"canonical\" href=\"https:\/\/martineauip.ca\/en\/agent-francois-martineau\/\" \/>\n<meta property=\"og:locale\" content=\"en_US\" \/>\n<meta property=\"og:type\" content=\"article\" \/>\n<meta property=\"og:title\" content=\"Fran\u00e7ois Martineau | Agent de brevets - Martineau IP\" \/>\n<meta property=\"og:description\" content=\"Fran\u00e7ois Martineau est un agent de brevets exp\u00e9riment\u00e9 et agr\u00e9\u00e9 aupr\u00e8s des Bureaux des brevets canadiens et am\u00e9ricains.\" \/>\n<meta property=\"og:url\" content=\"https:\/\/martineauip.ca\/en\/agent-francois-martineau\/\" \/>\n<meta property=\"og:site_name\" content=\"Martineau IP\" \/>\n<meta property=\"article:modified_time\" content=\"2023-12-13T17:52:27+00:00\" \/>\n<meta property=\"og:image\" content=\"https:\/\/martineauip.ca\/wp-content\/uploads\/TAYN0065_crop.jpg\" \/>\n\t<meta property=\"og:image:width\" content=\"1599\" \/>\n\t<meta property=\"og:image:height\" content=\"1423\" \/>\n\t<meta property=\"og:image:type\" content=\"image\/jpeg\" \/>\n<meta name=\"twitter:card\" content=\"summary_large_image\" \/>\n<meta name=\"twitter:image\" content=\"https:\/\/martineauip.ca\/wp-content\/uploads\/TAYN0065_crop.jpg\" \/>\n<script type=\"application\/ld+json\" class=\"yoast-schema-graph\">{\"@context\":\"https:\/\/schema.org\",\"@graph\":[{\"@type\":\"WebPage\",\"@id\":\"https:\/\/martineauip.ca\/agent-francois-martineau\/\",\"url\":\"https:\/\/martineauip.ca\/agent-francois-martineau\/\",\"name\":\"Fran\u00e7ois Martineau | Agent de brevets - Martineau IP\",\"isPartOf\":{\"@id\":\"https:\/\/martineauip.ca\/#website\"},\"datePublished\":\"2020-12-04T18:12:51+00:00\",\"dateModified\":\"2023-12-13T17:52:27+00:00\",\"description\":\"Fran\u00e7ois Martineau est un agent de brevets exp\u00e9riment\u00e9 et agr\u00e9\u00e9 aupr\u00e8s des Bureaux des brevets canadiens et am\u00e9ricains.\",\"breadcrumb\":{\"@id\":\"https:\/\/martineauip.ca\/agent-francois-martineau\/#breadcrumb\"},\"inLanguage\":\"en-CA\",\"potentialAction\":[{\"@type\":\"ReadAction\",\"target\":[\"https:\/\/martineauip.ca\/agent-francois-martineau\/\"]}]},{\"@type\":\"BreadcrumbList\",\"@id\":\"https:\/\/martineauip.ca\/agent-francois-martineau\/#breadcrumb\",\"itemListElement\":[{\"@type\":\"ListItem\",\"position\":1,\"name\":\"Cabinet\",\"item\":\"https:\/\/martineauip.ca\/\"},{\"@type\":\"ListItem\",\"position\":2,\"name\":\"Agent \/ Fran\u00e7ois Martineau\"}]},{\"@type\":\"WebSite\",\"@id\":\"https:\/\/martineauip.ca\/#website\",\"url\":\"https:\/\/martineauip.ca\/\",\"name\":\"Martineau IP\",\"description\":\"Agents de brevets et marques\",\"publisher\":{\"@id\":\"https:\/\/martineauip.ca\/#organization\"},\"potentialAction\":[{\"@type\":\"SearchAction\",\"target\":{\"@type\":\"EntryPoint\",\"urlTemplate\":\"https:\/\/martineauip.ca\/?s={search_term_string}\"},\"query-input\":{\"@type\":\"PropertyValueSpecification\",\"valueRequired\":true,\"valueName\":\"search_term_string\"}}],\"inLanguage\":\"en-CA\"},{\"@type\":\"Organization\",\"@id\":\"https:\/\/martineauip.ca\/#organization\",\"name\":\"Martineau IP\",\"url\":\"https:\/\/martineauip.ca\/\",\"logo\":{\"@type\":\"ImageObject\",\"inLanguage\":\"en-CA\",\"@id\":\"https:\/\/martineauip.ca\/#\/schema\/logo\/image\/\",\"url\":\"https:\/\/l-m.ca\/wp-content\/uploads\/logo-martineau-ip-slogan.png\",\"contentUrl\":\"https:\/\/l-m.ca\/wp-content\/uploads\/logo-martineau-ip-slogan.png\",\"width\":240,\"height\":96,\"caption\":\"Martineau IP\"},\"image\":{\"@id\":\"https:\/\/martineauip.ca\/#\/schema\/logo\/image\/\"},\"sameAs\":[\"https:\/\/www.linkedin.com\/company\/lesperance-martineau\/\"]}]}<\/script>\n<!-- \/ Yoast SEO plugin. -->","yoast_head_json":{"title":"Fran\u00e7ois Martineau | Agent de brevets - Martineau IP","description":"Fran\u00e7ois Martineau est un agent de brevets exp\u00e9riment\u00e9 et agr\u00e9\u00e9 aupr\u00e8s des Bureaux des brevets canadiens et am\u00e9ricains.","robots":{"index":"index","follow":"follow","max-snippet":"max-snippet:-1","max-image-preview":"max-image-preview:large","max-video-preview":"max-video-preview:-1"},"canonical":"https:\/\/martineauip.ca\/en\/agent-francois-martineau\/","og_locale":"en_US","og_type":"article","og_title":"Fran\u00e7ois Martineau | Agent de brevets - Martineau IP","og_description":"Fran\u00e7ois Martineau est un agent de brevets exp\u00e9riment\u00e9 et agr\u00e9\u00e9 aupr\u00e8s des Bureaux des brevets canadiens et am\u00e9ricains.","og_url":"https:\/\/martineauip.ca\/en\/agent-francois-martineau\/","og_site_name":"Martineau IP","article_modified_time":"2023-12-13T17:52:27+00:00","og_image":[{"width":1599,"height":1423,"url":"https:\/\/martineauip.ca\/wp-content\/uploads\/TAYN0065_crop.jpg","type":"image\/jpeg"}],"twitter_card":"summary_large_image","twitter_image":"https:\/\/martineauip.ca\/wp-content\/uploads\/TAYN0065_crop.jpg","schema":{"@context":"https:\/\/schema.org","@graph":[{"@type":"WebPage","@id":"https:\/\/martineauip.ca\/agent-francois-martineau\/","url":"https:\/\/martineauip.ca\/agent-francois-martineau\/","name":"Fran\u00e7ois Martineau | Agent de brevets - Martineau IP","isPartOf":{"@id":"https:\/\/martineauip.ca\/#website"},"datePublished":"2020-12-04T18:12:51+00:00","dateModified":"2023-12-13T17:52:27+00:00","description":"Fran\u00e7ois Martineau est un agent de brevets exp\u00e9riment\u00e9 et agr\u00e9\u00e9 aupr\u00e8s des Bureaux des brevets canadiens et am\u00e9ricains.","breadcrumb":{"@id":"https:\/\/martineauip.ca\/agent-francois-martineau\/#breadcrumb"},"inLanguage":"en-CA","potentialAction":[{"@type":"ReadAction","target":["https:\/\/martineauip.ca\/agent-francois-martineau\/"]}]},{"@type":"BreadcrumbList","@id":"https:\/\/martineauip.ca\/agent-francois-martineau\/#breadcrumb","itemListElement":[{"@type":"ListItem","position":1,"name":"Cabinet","item":"https:\/\/martineauip.ca\/"},{"@type":"ListItem","position":2,"name":"Agent \/ Fran\u00e7ois Martineau"}]},{"@type":"WebSite","@id":"https:\/\/martineauip.ca\/#website","url":"https:\/\/martineauip.ca\/","name":"Martineau IP","description":"Agents de brevets et marques","publisher":{"@id":"https:\/\/martineauip.ca\/#organization"},"potentialAction":[{"@type":"SearchAction","target":{"@type":"EntryPoint","urlTemplate":"https:\/\/martineauip.ca\/?s={search_term_string}"},"query-input":{"@type":"PropertyValueSpecification","valueRequired":true,"valueName":"search_term_string"}}],"inLanguage":"en-CA"},{"@type":"Organization","@id":"https:\/\/martineauip.ca\/#organization","name":"Martineau IP","url":"https:\/\/martineauip.ca\/","logo":{"@type":"ImageObject","inLanguage":"en-CA","@id":"https:\/\/martineauip.ca\/#\/schema\/logo\/image\/","url":"https:\/\/l-m.ca\/wp-content\/uploads\/logo-martineau-ip-slogan.png","contentUrl":"https:\/\/l-m.ca\/wp-content\/uploads\/logo-martineau-ip-slogan.png","width":240,"height":96,"caption":"Martineau IP"},"image":{"@id":"https:\/\/martineauip.ca\/#\/schema\/logo\/image\/"},"sameAs":["https:\/\/www.linkedin.com\/company\/lesperance-martineau\/"]}]}},"_links":{"self":[{"href":"https:\/\/martineauip.ca\/en\/wp-json\/wp\/v2\/pages\/1872","targetHints":{"allow":["GET"]}}],"collection":[{"href":"https:\/\/martineauip.ca\/en\/wp-json\/wp\/v2\/pages"}],"about":[{"href":"https:\/\/martineauip.ca\/en\/wp-json\/wp\/v2\/types\/page"}],"author":[{"embeddable":true,"href":"https:\/\/martineauip.ca\/en\/wp-json\/wp\/v2\/users\/1"}],"replies":[{"embeddable":true,"href":"https:\/\/martineauip.ca\/en\/wp-json\/wp\/v2\/comments?post=1872"}],"version-history":[{"count":12,"href":"https:\/\/martineauip.ca\/en\/wp-json\/wp\/v2\/pages\/1872\/revisions"}],"predecessor-version":[{"id":3540,"href":"https:\/\/martineauip.ca\/en\/wp-json\/wp\/v2\/pages\/1872\/revisions\/3540"}],"wp:attachment":[{"href":"https:\/\/martineauip.ca\/en\/wp-json\/wp\/v2\/media?parent=1872"}],"curies":[{"name":"wp","href":"https:\/\/api.w.org\/{rel}","templated":true}]}}