{"id":1949,"date":"2020-12-29T20:52:35","date_gmt":"2020-12-29T20:52:35","guid":{"rendered":"https:\/\/l-m.ca\/?page_id=1949"},"modified":"2023-12-13T17:42:13","modified_gmt":"2023-12-13T17:42:13","slug":"agent-louis-martineau","status":"publish","type":"page","link":"https:\/\/martineauip.ca\/en\/agent-louis-martineau\/","title":{"rendered":"Agent \/ Louis Martineau"},"content":{"rendered":"<div data-elementor-type=\"wp-page\" data-elementor-id=\"1949\" class=\"elementor elementor-1949\">\n\t\t\t\t\t\t<section class=\"elementor-section elementor-top-section elementor-element elementor-element-a795c25 elementor-section-full_width elementor-section-height-default elementor-section-height-default\" data-id=\"a795c25\" data-element_type=\"section\" data-settings=\"{&quot;background_background&quot;:&quot;classic&quot;}\">\n\t\t\t\t\t\t<div class=\"elementor-container elementor-column-gap-no\">\n\t\t\t\t\t<div class=\"elementor-column elementor-col-50 elementor-top-column elementor-element elementor-element-04628ea\" data-id=\"04628ea\" data-element_type=\"column\" data-settings=\"{&quot;background_background&quot;:&quot;slideshow&quot;,&quot;background_slideshow_gallery&quot;:[{&quot;id&quot;:3108,&quot;url&quot;:&quot;https:\\\/\\\/martineauip.ca\\\/wp-content\\\/uploads\\\/TAYN0008.jpg&quot;}],&quot;background_slideshow_loop&quot;:&quot;yes&quot;,&quot;background_slideshow_slide_duration&quot;:5000,&quot;background_slideshow_slide_transition&quot;:&quot;fade&quot;,&quot;background_slideshow_transition_duration&quot;:500}\">\n\t\t\t<div class=\"elementor-widget-wrap elementor-element-populated\">\n\t\t\t\t\t\t<div class=\"elementor-element elementor-element-79aa5e4 elementor-widget elementor-widget-heading\" data-id=\"79aa5e4\" data-element_type=\"widget\" data-widget_type=\"heading.default\">\n\t\t\t\t<div class=\"elementor-widget-container\">\n\t\t\t\t\t<h1 class=\"elementor-heading-title elementor-size-default\">Louis<\/h1>\t\t\t\t<\/div>\n\t\t\t\t<\/div>\n\t\t\t\t<div class=\"elementor-element elementor-element-cf231e1 elementor-widget elementor-widget-heading\" data-id=\"cf231e1\" data-element_type=\"widget\" data-widget_type=\"heading.default\">\n\t\t\t\t<div class=\"elementor-widget-container\">\n\t\t\t\t\t<h1 class=\"elementor-heading-title elementor-size-default\">Martineau<\/h1>\t\t\t\t<\/div>\n\t\t\t\t<\/div>\n\t\t\t\t<div class=\"elementor-element elementor-element-81de69d elementor-shape-circle e-grid-align-right elementor-grid-0 elementor-widget elementor-widget-social-icons\" data-id=\"81de69d\" data-element_type=\"widget\" data-widget_type=\"social-icons.default\">\n\t\t\t\t<div class=\"elementor-widget-container\">\n\t\t\t\t\t\t\t<div class=\"elementor-social-icons-wrapper elementor-grid\" role=\"list\">\n\t\t\t\t\t\t\t<span class=\"elementor-grid-item\" role=\"listitem\">\n\t\t\t\t\t<a class=\"elementor-icon elementor-social-icon elementor-social-icon-linkedin elementor-repeater-item-0afad53\" href=\"https:\/\/www.linkedin.com\/in\/louis-martineau-1b810912a\/\" target=\"_blank\">\n\t\t\t\t\t\t<span class=\"elementor-screen-only\">Linkedin<\/span>\n\t\t\t\t\t\t<i aria-hidden=\"true\" class=\"fab fa-linkedin\"><\/i>\t\t\t\t\t<\/a>\n\t\t\t\t<\/span>\n\t\t\t\t\t\t\t<span class=\"elementor-grid-item\" role=\"listitem\">\n\t\t\t\t\t<a class=\"elementor-icon elementor-social-icon elementor-social-icon-envelope elementor-repeater-item-e16286d\" href=\"mailto:louis@martineauip.ca\" target=\"_blank\">\n\t\t\t\t\t\t<span class=\"elementor-screen-only\">Envelope<\/span>\n\t\t\t\t\t\t<i aria-hidden=\"true\" class=\"fas fa-envelope\"><\/i>\t\t\t\t\t<\/a>\n\t\t\t\t<\/span>\n\t\t\t\t\t<\/div>\n\t\t\t\t\t\t<\/div>\n\t\t\t\t<\/div>\n\t\t\t\t\t<\/div>\n\t\t<\/div>\n\t\t\t\t<div class=\"elementor-column elementor-col-50 elementor-top-column elementor-element elementor-element-c550b61\" data-id=\"c550b61\" data-element_type=\"column\" data-settings=\"{&quot;background_background&quot;:&quot;classic&quot;}\">\n\t\t\t<div class=\"elementor-widget-wrap elementor-element-populated\">\n\t\t\t\t\t\t<div class=\"elementor-element elementor-element-c6aa909 elementor-widget elementor-widget-text-editor\" data-id=\"c6aa909\" data-element_type=\"widget\" data-widget_type=\"text-editor.default\">\n\t\t\t\t<div class=\"elementor-widget-container\">\n\t\t\t\t\t\t\t\t\t<h2 class=\"translation-block\"><strong>Patent<\/strong> and <br><strong>trademark<\/strong> agent<\/h2>\t\t\t\t\t\t\t\t<\/div>\n\t\t\t\t<\/div>\n\t\t\t\t<div class=\"elementor-element elementor-element-319e6e2 elementor-widget elementor-widget-text-editor\" data-id=\"319e6e2\" data-element_type=\"widget\" data-widget_type=\"text-editor.default\">\n\t\t\t\t<div class=\"elementor-widget-container\">\n\t\t\t\t\t\t\t\t\t<ul>\n \t<li>Owner of the office<\/li>\n \t<li>Patent Agent, Member of the College of Patent Agents &amp; Trademark Agents (CPATA) of Canada (2021) (formerly patent agent registered before the Canadian Intellectual Property Office (1998), as the profession was known before 2021)<\/li>\n \t<li>Registered patent agent before the American Patent Office (1999)<\/li>\n \t<li>Trademark agent, Member of the College of Patent Agents &amp; Trademark Agents (CPATA) of Canada (2021) (formerly trademark agent registered before the Canadian Intellectual Property Office (2000), as the profession was known before 2021)<\/li>\n \t<li>Undergraduate degree in mechanical engineering - \u00c9cole Polytechnique de Montr\u00e9al (1995)<\/li>\n \t<li class=\"translation-block\">Fellow of the <a href=\"https:\/\/l-m.ca\/informations-sur-la-propriete-intellectuelle\/\" target=\"_blank\" rel=\"noopener\">Intellectual Property Institute of Canada<\/a>\u00a0(IPIC)<\/li>\n \t<li>Member of the FICPI (F\u00e9d\u00e9ration Internationale des Conseils en Propri\u00e9t\u00e9 Industrielle)<\/li>\n \t<li><span style=\"color: var( --e-global-color-text ); font-family: var( --e-global-typography-text-font-family ), Sans-serif; font-weight: var( --e-global-typography-text-font-weight );\">Speaker at numerous events on intellectual property matters<\/span><\/li>\n \t<li>Member of the IPIC self-regulation committee (2001-2003)<\/li>\n \t<li>Tuteur pour le cours \u00ab\u00a0Understanding Patents: An Introductory Course\u00a0\u00bb \u00e0 l&rsquo;Universit\u00e9 McGill (2002)<\/li>\n \t<li>Member of the IPIC intellectual property public awareness committee (since 2002)<\/li>\n \t<li>Member of the Canadian Intellectual Property Office (CIPO) Bank of Speakers (since 2004)<\/li>\n \t<li>Member of the patent agent examination board (2005-2008)<\/li>\n \t<li>Liaison between IPIC and CIPO for the patent examination board (2008-2011)<\/li>\n \t<li>Tuteur pour le cours \u00ab\u00a0FICPI Claim Drafting Clinic\u00a0\u00bb organis\u00e9 par le chapitre canadien de la F\u00e9d\u00e9ration Internationale des Conseils en Propri\u00e9t\u00e9 Industrielle (2009-2010)<\/li>\n \t<li>Councillor of the IPIC administrative council (2011-2013)<\/li>\n \t<li>Member of the patent agent exam standards committee (2012-2021)<\/li>\n \t<li>Representative of the IPIC Council before the Quebec National Assembly for the World Intellectual Property day (2013)<\/li>\n \t<li>Member of the joint IPIC-CIPO committee for modernizing the intellectual property community concerning the professional regulation - values and ethics working group (since 2013)<\/li>\n \t<li>Member of the International Association for the Protection of Industrial Property (AIPPI)<\/li>\n \t<li>Member of IPIC\u2019s Patent Comitee (since 2021)<\/li>\n<\/ul>\t\t\t\t\t\t\t\t<\/div>\n\t\t\t\t<\/div>\n\t\t\t\t\t<\/div>\n\t\t<\/div>\n\t\t\t\t\t<\/div>\n\t\t<\/section>\n\t\t\t\t<\/div>","protected":false},"excerpt":{"rendered":"<p>Louis Martineau Linkedin Envelope Agent de brevets et de marques de commerce Propri\u00e9taire du cabinet Agent de brevet, membre du Coll\u00e8ge des Agents de Brevets et des Agents de Marques &#8230;<\/p>","protected":false},"author":1,"featured_media":3108,"parent":0,"menu_order":4,"comment_status":"closed","ping_status":"closed","template":"template-fullwidth-stretched.php","meta":{"_mbp_gutenberg_autopost":false,"footnotes":""},"class_list":["post-1949","page","type-page","status-publish","has-post-thumbnail","hentry"],"yoast_head":"<!-- This site is optimized with the Yoast SEO plugin v26.4 - https:\/\/yoast.com\/wordpress\/plugins\/seo\/ -->\n<title>Louis Martineau | Agent de brevets et marques - Martineau IP<\/title>\n<meta name=\"description\" content=\"Louis Martineau est un agent de brevets et de marques de commerce agr\u00e9\u00e9 aupr\u00e8s de plusieurs instances en propri\u00e9t\u00e9 intellectuelle.\" \/>\n<meta name=\"robots\" content=\"index, follow, max-snippet:-1, max-image-preview:large, max-video-preview:-1\" \/>\n<link rel=\"canonical\" href=\"https:\/\/martineauip.ca\/en\/agent-louis-martineau\/\" \/>\n<meta property=\"og:locale\" content=\"en_US\" \/>\n<meta property=\"og:type\" content=\"article\" \/>\n<meta property=\"og:title\" content=\"Louis Martineau | Agent de brevets et marques - Martineau IP\" \/>\n<meta property=\"og:description\" content=\"Louis Martineau est un agent de brevets et de marques de commerce agr\u00e9\u00e9 aupr\u00e8s de plusieurs instances en propri\u00e9t\u00e9 intellectuelle.\" \/>\n<meta property=\"og:url\" content=\"https:\/\/martineauip.ca\/en\/agent-louis-martineau\/\" \/>\n<meta property=\"og:site_name\" content=\"Martineau IP\" \/>\n<meta property=\"article:modified_time\" content=\"2023-12-13T17:42:13+00:00\" \/>\n<meta property=\"og:image\" content=\"https:\/\/martineauip.ca\/wp-content\/uploads\/TAYN0008-683x1024.jpg\" \/>\n\t<meta property=\"og:image:width\" content=\"683\" \/>\n\t<meta property=\"og:image:height\" content=\"1024\" \/>\n\t<meta property=\"og:image:type\" content=\"image\/jpeg\" \/>\n<meta name=\"twitter:card\" content=\"summary_large_image\" \/>\n<script type=\"application\/ld+json\" class=\"yoast-schema-graph\">{\"@context\":\"https:\/\/schema.org\",\"@graph\":[{\"@type\":\"WebPage\",\"@id\":\"https:\/\/martineauip.ca\/agent-louis-martineau\/\",\"url\":\"https:\/\/martineauip.ca\/agent-louis-martineau\/\",\"name\":\"Louis Martineau | Agent de brevets et marques - Martineau IP\",\"isPartOf\":{\"@id\":\"https:\/\/martineauip.ca\/#website\"},\"primaryImageOfPage\":{\"@id\":\"https:\/\/martineauip.ca\/agent-louis-martineau\/#primaryimage\"},\"image\":{\"@id\":\"https:\/\/martineauip.ca\/agent-louis-martineau\/#primaryimage\"},\"thumbnailUrl\":\"https:\/\/martineauip.ca\/wp-content\/uploads\/TAYN0008.jpg\",\"datePublished\":\"2020-12-29T20:52:35+00:00\",\"dateModified\":\"2023-12-13T17:42:13+00:00\",\"description\":\"Louis Martineau est un agent de brevets et de marques de commerce agr\u00e9\u00e9 aupr\u00e8s de plusieurs instances en propri\u00e9t\u00e9 intellectuelle.\",\"breadcrumb\":{\"@id\":\"https:\/\/martineauip.ca\/agent-louis-martineau\/#breadcrumb\"},\"inLanguage\":\"en-CA\",\"potentialAction\":[{\"@type\":\"ReadAction\",\"target\":[\"https:\/\/martineauip.ca\/agent-louis-martineau\/\"]}]},{\"@type\":\"ImageObject\",\"inLanguage\":\"en-CA\",\"@id\":\"https:\/\/martineauip.ca\/agent-louis-martineau\/#primaryimage\",\"url\":\"https:\/\/martineauip.ca\/wp-content\/uploads\/TAYN0008.jpg\",\"contentUrl\":\"https:\/\/martineauip.ca\/wp-content\/uploads\/TAYN0008.jpg\",\"width\":1600,\"height\":2400,\"caption\":\"Louis Martineau de LESP\u00c9RANCE & MARTINEAU S.E.N.C.\"},{\"@type\":\"BreadcrumbList\",\"@id\":\"https:\/\/martineauip.ca\/agent-louis-martineau\/#breadcrumb\",\"itemListElement\":[{\"@type\":\"ListItem\",\"position\":1,\"name\":\"Cabinet\",\"item\":\"https:\/\/martineauip.ca\/\"},{\"@type\":\"ListItem\",\"position\":2,\"name\":\"Agent \/ Louis Martineau\"}]},{\"@type\":\"WebSite\",\"@id\":\"https:\/\/martineauip.ca\/#website\",\"url\":\"https:\/\/martineauip.ca\/\",\"name\":\"Martineau IP\",\"description\":\"Agents de brevets et marques\",\"publisher\":{\"@id\":\"https:\/\/martineauip.ca\/#organization\"},\"potentialAction\":[{\"@type\":\"SearchAction\",\"target\":{\"@type\":\"EntryPoint\",\"urlTemplate\":\"https:\/\/martineauip.ca\/?s={search_term_string}\"},\"query-input\":{\"@type\":\"PropertyValueSpecification\",\"valueRequired\":true,\"valueName\":\"search_term_string\"}}],\"inLanguage\":\"en-CA\"},{\"@type\":\"Organization\",\"@id\":\"https:\/\/martineauip.ca\/#organization\",\"name\":\"Martineau IP\",\"url\":\"https:\/\/martineauip.ca\/\",\"logo\":{\"@type\":\"ImageObject\",\"inLanguage\":\"en-CA\",\"@id\":\"https:\/\/martineauip.ca\/#\/schema\/logo\/image\/\",\"url\":\"https:\/\/l-m.ca\/wp-content\/uploads\/logo-martineau-ip-slogan.png\",\"contentUrl\":\"https:\/\/l-m.ca\/wp-content\/uploads\/logo-martineau-ip-slogan.png\",\"width\":240,\"height\":96,\"caption\":\"Martineau IP\"},\"image\":{\"@id\":\"https:\/\/martineauip.ca\/#\/schema\/logo\/image\/\"},\"sameAs\":[\"https:\/\/www.linkedin.com\/company\/lesperance-martineau\/\"]}]}<\/script>\n<!-- \/ Yoast SEO plugin. -->","yoast_head_json":{"title":"Louis Martineau | Agent de brevets et marques - Martineau IP","description":"Louis Martineau est un agent de brevets et de marques de commerce agr\u00e9\u00e9 aupr\u00e8s de plusieurs instances en propri\u00e9t\u00e9 intellectuelle.","robots":{"index":"index","follow":"follow","max-snippet":"max-snippet:-1","max-image-preview":"max-image-preview:large","max-video-preview":"max-video-preview:-1"},"canonical":"https:\/\/martineauip.ca\/en\/agent-louis-martineau\/","og_locale":"en_US","og_type":"article","og_title":"Louis Martineau | Agent de brevets et marques - Martineau IP","og_description":"Louis Martineau est un agent de brevets et de marques de commerce agr\u00e9\u00e9 aupr\u00e8s de plusieurs instances en propri\u00e9t\u00e9 intellectuelle.","og_url":"https:\/\/martineauip.ca\/en\/agent-louis-martineau\/","og_site_name":"Martineau IP","article_modified_time":"2023-12-13T17:42:13+00:00","og_image":[{"width":683,"height":1024,"url":"https:\/\/martineauip.ca\/wp-content\/uploads\/TAYN0008-683x1024.jpg","type":"image\/jpeg"}],"twitter_card":"summary_large_image","schema":{"@context":"https:\/\/schema.org","@graph":[{"@type":"WebPage","@id":"https:\/\/martineauip.ca\/agent-louis-martineau\/","url":"https:\/\/martineauip.ca\/agent-louis-martineau\/","name":"Louis Martineau | Agent de brevets et marques - Martineau IP","isPartOf":{"@id":"https:\/\/martineauip.ca\/#website"},"primaryImageOfPage":{"@id":"https:\/\/martineauip.ca\/agent-louis-martineau\/#primaryimage"},"image":{"@id":"https:\/\/martineauip.ca\/agent-louis-martineau\/#primaryimage"},"thumbnailUrl":"https:\/\/martineauip.ca\/wp-content\/uploads\/TAYN0008.jpg","datePublished":"2020-12-29T20:52:35+00:00","dateModified":"2023-12-13T17:42:13+00:00","description":"Louis Martineau est un agent de brevets et de marques de commerce agr\u00e9\u00e9 aupr\u00e8s de plusieurs instances en propri\u00e9t\u00e9 intellectuelle.","breadcrumb":{"@id":"https:\/\/martineauip.ca\/agent-louis-martineau\/#breadcrumb"},"inLanguage":"en-CA","potentialAction":[{"@type":"ReadAction","target":["https:\/\/martineauip.ca\/agent-louis-martineau\/"]}]},{"@type":"ImageObject","inLanguage":"en-CA","@id":"https:\/\/martineauip.ca\/agent-louis-martineau\/#primaryimage","url":"https:\/\/martineauip.ca\/wp-content\/uploads\/TAYN0008.jpg","contentUrl":"https:\/\/martineauip.ca\/wp-content\/uploads\/TAYN0008.jpg","width":1600,"height":2400,"caption":"Louis Martineau de LESP\u00c9RANCE & MARTINEAU S.E.N.C."},{"@type":"BreadcrumbList","@id":"https:\/\/martineauip.ca\/agent-louis-martineau\/#breadcrumb","itemListElement":[{"@type":"ListItem","position":1,"name":"Cabinet","item":"https:\/\/martineauip.ca\/"},{"@type":"ListItem","position":2,"name":"Agent \/ Louis Martineau"}]},{"@type":"WebSite","@id":"https:\/\/martineauip.ca\/#website","url":"https:\/\/martineauip.ca\/","name":"Martineau IP","description":"Agents de brevets et marques","publisher":{"@id":"https:\/\/martineauip.ca\/#organization"},"potentialAction":[{"@type":"SearchAction","target":{"@type":"EntryPoint","urlTemplate":"https:\/\/martineauip.ca\/?s={search_term_string}"},"query-input":{"@type":"PropertyValueSpecification","valueRequired":true,"valueName":"search_term_string"}}],"inLanguage":"en-CA"},{"@type":"Organization","@id":"https:\/\/martineauip.ca\/#organization","name":"Martineau IP","url":"https:\/\/martineauip.ca\/","logo":{"@type":"ImageObject","inLanguage":"en-CA","@id":"https:\/\/martineauip.ca\/#\/schema\/logo\/image\/","url":"https:\/\/l-m.ca\/wp-content\/uploads\/logo-martineau-ip-slogan.png","contentUrl":"https:\/\/l-m.ca\/wp-content\/uploads\/logo-martineau-ip-slogan.png","width":240,"height":96,"caption":"Martineau IP"},"image":{"@id":"https:\/\/martineauip.ca\/#\/schema\/logo\/image\/"},"sameAs":["https:\/\/www.linkedin.com\/company\/lesperance-martineau\/"]}]}},"_links":{"self":[{"href":"https:\/\/martineauip.ca\/en\/wp-json\/wp\/v2\/pages\/1949","targetHints":{"allow":["GET"]}}],"collection":[{"href":"https:\/\/martineauip.ca\/en\/wp-json\/wp\/v2\/pages"}],"about":[{"href":"https:\/\/martineauip.ca\/en\/wp-json\/wp\/v2\/types\/page"}],"author":[{"embeddable":true,"href":"https:\/\/martineauip.ca\/en\/wp-json\/wp\/v2\/users\/1"}],"replies":[{"embeddable":true,"href":"https:\/\/martineauip.ca\/en\/wp-json\/wp\/v2\/comments?post=1949"}],"version-history":[{"count":9,"href":"https:\/\/martineauip.ca\/en\/wp-json\/wp\/v2\/pages\/1949\/revisions"}],"predecessor-version":[{"id":3527,"href":"https:\/\/martineauip.ca\/en\/wp-json\/wp\/v2\/pages\/1949\/revisions\/3527"}],"wp:featuredmedia":[{"embeddable":true,"href":"https:\/\/martineauip.ca\/en\/wp-json\/wp\/v2\/media\/3108"}],"wp:attachment":[{"href":"https:\/\/martineauip.ca\/en\/wp-json\/wp\/v2\/media?parent=1949"}],"curies":[{"name":"wp","href":"https:\/\/api.w.org\/{rel}","templated":true}]}}