{"id":23,"date":"2020-10-06T13:47:59","date_gmt":"2020-10-06T13:47:59","guid":{"rendered":"https:\/\/l-m.ca\/?page_id=23"},"modified":"2023-12-13T17:46:59","modified_gmt":"2023-12-13T17:46:59","slug":"joindre-martineau-ip","status":"publish","type":"page","link":"https:\/\/martineauip.ca\/en\/joindre-martineau-ip\/","title":{"rendered":"Contact Martineau IP"},"content":{"rendered":"<div data-elementor-type=\"wp-page\" data-elementor-id=\"23\" class=\"elementor elementor-23\">\n\t\t\t\t\t\t<section class=\"elementor-section elementor-top-section elementor-element elementor-element-9975643 elementor-section-full_width elementor-reverse-tablet elementor-reverse-mobile elementor-section-stretched elementor-section-height-default elementor-section-height-default\" data-id=\"9975643\" data-element_type=\"section\" data-settings=\"{&quot;stretch_section&quot;:&quot;section-stretched&quot;}\">\n\t\t\t\t\t\t<div class=\"elementor-container elementor-column-gap-no\">\n\t\t\t\t\t<div class=\"elementor-column elementor-col-50 elementor-top-column elementor-element elementor-element-ca56f13\" data-id=\"ca56f13\" data-element_type=\"column\">\n\t\t\t<div class=\"elementor-widget-wrap elementor-element-populated\">\n\t\t\t\t\t\t<div class=\"elementor-element elementor-element-21cab1f elementor-widget elementor-widget-google_maps\" data-id=\"21cab1f\" data-element_type=\"widget\" data-widget_type=\"google_maps.default\">\n\t\t\t\t<div class=\"elementor-widget-container\">\n\t\t\t\t\t\t\t<div class=\"elementor-custom-embed\">\n\t\t\t<iframe loading=\"lazy\"\n\t\t\t\t\tsrc=\"https:\/\/maps.google.com\/maps?q=1440%20Rue%20Sainte-Catherine%20O%2C%20Montr%C3%A9al%2C%20QC%20H3G%201R8&#038;t=m&#038;z=12&#038;output=embed&#038;iwloc=near\"\n\t\t\t\t\ttitle=\"1440 Rue Sainte-Catherine O, Montr\u00e9al, QC H3G 1R8\"\n\t\t\t\t\taria-label=\"1440 Rue Sainte-Catherine O, Montr\u00e9al, QC H3G 1R8\"\n\t\t\t><\/iframe>\n\t\t<\/div>\n\t\t\t\t\t\t<\/div>\n\t\t\t\t<\/div>\n\t\t\t\t\t<\/div>\n\t\t<\/div>\n\t\t\t\t<div class=\"elementor-column elementor-col-50 elementor-top-column elementor-element elementor-element-c580d75\" data-id=\"c580d75\" data-element_type=\"column\" data-settings=\"{&quot;background_background&quot;:&quot;classic&quot;}\">\n\t\t\t<div class=\"elementor-widget-wrap elementor-element-populated\">\n\t\t\t\t\t\t<div class=\"elementor-element elementor-element-705a963 elementor-widget elementor-widget-text-editor\" data-id=\"705a963\" data-element_type=\"widget\" data-widget_type=\"text-editor.default\">\n\t\t\t\t<div class=\"elementor-widget-container\">\n\t\t\t\t\t\t\t\t\t<h1 class=\"translation-block\"><strong>Contact<\/strong> us<\/h1>\t\t\t\t\t\t\t\t<\/div>\n\t\t\t\t<\/div>\n\t\t\t\t<section class=\"elementor-section elementor-inner-section elementor-element elementor-element-5edbc4d elementor-section-boxed elementor-section-height-default elementor-section-height-default\" data-id=\"5edbc4d\" data-element_type=\"section\" data-settings=\"{&quot;background_background&quot;:&quot;classic&quot;}\">\n\t\t\t\t\t\t<div class=\"elementor-container elementor-column-gap-no\">\n\t\t\t\t\t<div class=\"elementor-column elementor-col-50 elementor-inner-column elementor-element elementor-element-e3fe3a3\" data-id=\"e3fe3a3\" data-element_type=\"column\">\n\t\t\t<div class=\"elementor-widget-wrap elementor-element-populated\">\n\t\t\t\t\t\t<div class=\"elementor-element elementor-element-9a32e74 elementor-widget elementor-widget-text-editor\" data-id=\"9a32e74\" data-element_type=\"widget\" data-widget_type=\"text-editor.default\">\n\t\t\t\t<div class=\"elementor-widget-container\">\n\t\t\t\t\t\t\t\t\t<p><strong>By phone<br \/><\/strong><a href=\"tel:5148614831\" target=\"_blank\" rel=\"noopener\">(514) 861-4831<\/a><\/p>\t\t\t\t\t\t\t\t<\/div>\n\t\t\t\t<\/div>\n\t\t\t\t\t<\/div>\n\t\t<\/div>\n\t\t\t\t<div class=\"elementor-column elementor-col-50 elementor-inner-column elementor-element elementor-element-88ac5dd\" data-id=\"88ac5dd\" data-element_type=\"column\">\n\t\t\t<div class=\"elementor-widget-wrap elementor-element-populated\">\n\t\t\t\t\t\t<div class=\"elementor-element elementor-element-fe323fd elementor-widget elementor-widget-text-editor\" data-id=\"fe323fd\" data-element_type=\"widget\" data-widget_type=\"text-editor.default\">\n\t\t\t\t<div class=\"elementor-widget-container\">\n\t\t\t\t\t\t\t\t\t<p><strong>By fax<\/strong><br \/><a href=\"fax:5143929112\">(514) 392-9112<\/a><\/p>\t\t\t\t\t\t\t\t<\/div>\n\t\t\t\t<\/div>\n\t\t\t\t\t<\/div>\n\t\t<\/div>\n\t\t\t\t\t<\/div>\n\t\t<\/section>\n\t\t\t\t<div class=\"elementor-element elementor-element-9596426 elementor-widget elementor-widget-text-editor\" data-id=\"9596426\" data-element_type=\"widget\" data-widget_type=\"text-editor.default\">\n\t\t\t\t<div class=\"elementor-widget-container\">\n\t\t\t\t\t\t\t\t\t<p><strong>By Email<br \/><\/strong><\/p><p><a href=\"mailto:info@martineauip.ca\">info@martineauip.ca<\/a><\/p>\t\t\t\t\t\t\t\t<\/div>\n\t\t\t\t<\/div>\n\t\t\t\t<div class=\"elementor-element elementor-element-55831ec elementor-widget elementor-widget-elementskit-contact-form7\" data-id=\"55831ec\" data-element_type=\"widget\" data-widget_type=\"elementskit-contact-form7.default\">\n\t\t\t\t<div class=\"elementor-widget-container\">\n\t\t\t\t\t<div class=\"ekit-wid-con\" ><div class=\"ekit-form\">\n<div class=\"wpcf7 no-js\" id=\"wpcf7-f1896-p23-o1\" lang=\"fr-CA\" dir=\"ltr\" data-wpcf7-id=\"1896\">\n<div class=\"screen-reader-response\"><p role=\"status\" aria-live=\"polite\" aria-atomic=\"true\"><\/p> <ul><\/ul><\/div>\n<form action=\"\/en\/joindre-martineau-ip\/#wpcf7-f1896-p23-o1\" method=\"post\" class=\"wpcf7-form init\" aria-label=\"Contact form\" novalidate=\"novalidate\" data-status=\"init\" data-trp-original-action=\"\/joindre-martineau-ip\/#wpcf7-f1896-p23-o1\">\n<fieldset class=\"hidden-fields-container\"><input type=\"hidden\" name=\"_wpcf7\" value=\"1896\" \/><input type=\"hidden\" name=\"_wpcf7_version\" value=\"6.1.3\" \/><input type=\"hidden\" name=\"_wpcf7_locale\" value=\"fr_CA\" \/><input type=\"hidden\" name=\"_wpcf7_unit_tag\" value=\"wpcf7-f1896-p23-o1\" \/><input type=\"hidden\" name=\"_wpcf7_container_post\" value=\"23\" \/><input type=\"hidden\" name=\"_wpcf7_posted_data_hash\" value=\"\" \/>\n<\/fieldset>\n<div class=\"wpcf7-response-output\" aria-hidden=\"true\"><\/div>\n<p><span class=\"wpcf7-form-control-wrap\" data-name=\"your-name\"><input size=\"40\" maxlength=\"400\" class=\"wpcf7-form-control wpcf7-text wpcf7-validates-as-required\" aria-required=\"true\" aria-invalid=\"false\" placeholder=\"Name\" value=\"\" type=\"text\" name=\"your-name\" \/><\/span>\n<\/p>\n<p><span class=\"wpcf7-form-control-wrap\" data-name=\"your-email\"><input size=\"40\" maxlength=\"400\" class=\"wpcf7-form-control wpcf7-email wpcf7-validates-as-required wpcf7-text wpcf7-validates-as-email\" aria-required=\"true\" aria-invalid=\"false\" placeholder=\"Email\" value=\"\" type=\"email\" name=\"your-email\" \/><\/span>\n<\/p>\n<p><span class=\"wpcf7-form-control-wrap\" data-name=\"your-subject\"><input size=\"40\" maxlength=\"400\" class=\"wpcf7-form-control wpcf7-text wpcf7-validates-as-required\" aria-required=\"true\" aria-invalid=\"false\" placeholder=\"Subject\" value=\"\" type=\"text\" name=\"your-subject\" \/><\/span>\n<\/p>\n<p><span class=\"wpcf7-form-control-wrap\" data-name=\"your-message\"><textarea cols=\"40\" rows=\"10\" maxlength=\"2000\" class=\"wpcf7-form-control wpcf7-textarea wpcf7-validates-as-required\" aria-required=\"true\" aria-invalid=\"false\" placeholder=\"Message\" name=\"your-message\"><\/textarea><\/span>\n<\/p>\n<p><input class=\"wpcf7-form-control wpcf7-submit has-spinner\" type=\"submit\" value=\"Send message\" \/>\n<\/p>\n<input type=\"hidden\" name=\"trp-form-language\" value=\"en\"\/><\/form>\n<\/div>\n<\/div><\/div>\t\t\t\t<\/div>\n\t\t\t\t<\/div>\n\t\t\t\t\t<\/div>\n\t\t<\/div>\n\t\t\t\t\t<\/div>\n\t\t<\/section>\n\t\t\t\t<\/div>","protected":false},"excerpt":{"rendered":"<p>Nous joindre Par t\u00e9l\u00e9phone(514) 861-4831 Par t\u00e9l\u00e9copieur(514) 392-9112 Par courriel info@martineauip.ca<\/p>","protected":false},"author":1,"featured_media":0,"parent":0,"menu_order":6,"comment_status":"closed","ping_status":"closed","template":"template-fullwidth-stretched.php","meta":{"_mbp_gutenberg_autopost":false,"footnotes":""},"class_list":["post-23","page","type-page","status-publish","hentry"],"yoast_head":"<!-- This site is optimized with the Yoast SEO plugin v26.4 - https:\/\/yoast.com\/wordpress\/plugins\/seo\/ -->\n<title>Joindre Martineau IP - Martineau IP<\/title>\n<meta name=\"description\" content=\"Joindre Martineau IP. Nos bureaux sont situ\u00e9s au centre-ville de Montr\u00e9al dans la province de Qu\u00e9bec au Canada.\" \/>\n<meta name=\"robots\" content=\"index, follow, max-snippet:-1, max-image-preview:large, max-video-preview:-1\" \/>\n<link rel=\"canonical\" href=\"https:\/\/martineauip.ca\/en\/joindre-martineau-ip\/\" \/>\n<meta property=\"og:locale\" content=\"en_US\" \/>\n<meta property=\"og:type\" content=\"article\" \/>\n<meta property=\"og:title\" content=\"Joindre Martineau IP - Martineau IP\" \/>\n<meta property=\"og:description\" content=\"Joindre Martineau IP. Nos bureaux sont situ\u00e9s au centre-ville de Montr\u00e9al dans la province de Qu\u00e9bec au Canada.\" \/>\n<meta property=\"og:url\" content=\"https:\/\/martineauip.ca\/en\/joindre-martineau-ip\/\" \/>\n<meta property=\"og:site_name\" content=\"Martineau IP\" \/>\n<meta property=\"article:modified_time\" content=\"2023-12-13T17:46:59+00:00\" \/>\n<meta name=\"twitter:card\" content=\"summary_large_image\" \/>\n<script type=\"application\/ld+json\" class=\"yoast-schema-graph\">{\"@context\":\"https:\/\/schema.org\",\"@graph\":[{\"@type\":\"WebPage\",\"@id\":\"https:\/\/martineauip.ca\/joindre-martineau-ip\/\",\"url\":\"https:\/\/martineauip.ca\/joindre-martineau-ip\/\",\"name\":\"Joindre Martineau IP - Martineau IP\",\"isPartOf\":{\"@id\":\"https:\/\/martineauip.ca\/#website\"},\"datePublished\":\"2020-10-06T13:47:59+00:00\",\"dateModified\":\"2023-12-13T17:46:59+00:00\",\"description\":\"Joindre Martineau IP. Nos bureaux sont situ\u00e9s au centre-ville de Montr\u00e9al dans la province de Qu\u00e9bec au Canada.\",\"breadcrumb\":{\"@id\":\"https:\/\/martineauip.ca\/joindre-martineau-ip\/#breadcrumb\"},\"inLanguage\":\"en-CA\",\"potentialAction\":[{\"@type\":\"ReadAction\",\"target\":[\"https:\/\/martineauip.ca\/joindre-martineau-ip\/\"]}]},{\"@type\":\"BreadcrumbList\",\"@id\":\"https:\/\/martineauip.ca\/joindre-martineau-ip\/#breadcrumb\",\"itemListElement\":[{\"@type\":\"ListItem\",\"position\":1,\"name\":\"Cabinet\",\"item\":\"https:\/\/martineauip.ca\/\"},{\"@type\":\"ListItem\",\"position\":2,\"name\":\"Joindre Martineau IP\"}]},{\"@type\":\"WebSite\",\"@id\":\"https:\/\/martineauip.ca\/#website\",\"url\":\"https:\/\/martineauip.ca\/\",\"name\":\"Martineau IP\",\"description\":\"Agents de brevets et marques\",\"publisher\":{\"@id\":\"https:\/\/martineauip.ca\/#organization\"},\"potentialAction\":[{\"@type\":\"SearchAction\",\"target\":{\"@type\":\"EntryPoint\",\"urlTemplate\":\"https:\/\/martineauip.ca\/?s={search_term_string}\"},\"query-input\":{\"@type\":\"PropertyValueSpecification\",\"valueRequired\":true,\"valueName\":\"search_term_string\"}}],\"inLanguage\":\"en-CA\"},{\"@type\":\"Organization\",\"@id\":\"https:\/\/martineauip.ca\/#organization\",\"name\":\"Martineau IP\",\"url\":\"https:\/\/martineauip.ca\/\",\"logo\":{\"@type\":\"ImageObject\",\"inLanguage\":\"en-CA\",\"@id\":\"https:\/\/martineauip.ca\/#\/schema\/logo\/image\/\",\"url\":\"https:\/\/l-m.ca\/wp-content\/uploads\/logo-martineau-ip-slogan.png\",\"contentUrl\":\"https:\/\/l-m.ca\/wp-content\/uploads\/logo-martineau-ip-slogan.png\",\"width\":240,\"height\":96,\"caption\":\"Martineau IP\"},\"image\":{\"@id\":\"https:\/\/martineauip.ca\/#\/schema\/logo\/image\/\"},\"sameAs\":[\"https:\/\/www.linkedin.com\/company\/lesperance-martineau\/\"]}]}<\/script>\n<!-- \/ Yoast SEO plugin. -->","yoast_head_json":{"title":"Joindre Martineau IP - Martineau IP","description":"Joindre Martineau IP. Nos bureaux sont situ\u00e9s au centre-ville de Montr\u00e9al dans la province de Qu\u00e9bec au Canada.","robots":{"index":"index","follow":"follow","max-snippet":"max-snippet:-1","max-image-preview":"max-image-preview:large","max-video-preview":"max-video-preview:-1"},"canonical":"https:\/\/martineauip.ca\/en\/joindre-martineau-ip\/","og_locale":"en_US","og_type":"article","og_title":"Joindre Martineau IP - Martineau IP","og_description":"Joindre Martineau IP. Nos bureaux sont situ\u00e9s au centre-ville de Montr\u00e9al dans la province de Qu\u00e9bec au Canada.","og_url":"https:\/\/martineauip.ca\/en\/joindre-martineau-ip\/","og_site_name":"Martineau IP","article_modified_time":"2023-12-13T17:46:59+00:00","twitter_card":"summary_large_image","schema":{"@context":"https:\/\/schema.org","@graph":[{"@type":"WebPage","@id":"https:\/\/martineauip.ca\/joindre-martineau-ip\/","url":"https:\/\/martineauip.ca\/joindre-martineau-ip\/","name":"Joindre Martineau IP - Martineau IP","isPartOf":{"@id":"https:\/\/martineauip.ca\/#website"},"datePublished":"2020-10-06T13:47:59+00:00","dateModified":"2023-12-13T17:46:59+00:00","description":"Joindre Martineau IP. Nos bureaux sont situ\u00e9s au centre-ville de Montr\u00e9al dans la province de Qu\u00e9bec au Canada.","breadcrumb":{"@id":"https:\/\/martineauip.ca\/joindre-martineau-ip\/#breadcrumb"},"inLanguage":"en-CA","potentialAction":[{"@type":"ReadAction","target":["https:\/\/martineauip.ca\/joindre-martineau-ip\/"]}]},{"@type":"BreadcrumbList","@id":"https:\/\/martineauip.ca\/joindre-martineau-ip\/#breadcrumb","itemListElement":[{"@type":"ListItem","position":1,"name":"Cabinet","item":"https:\/\/martineauip.ca\/"},{"@type":"ListItem","position":2,"name":"Joindre Martineau IP"}]},{"@type":"WebSite","@id":"https:\/\/martineauip.ca\/#website","url":"https:\/\/martineauip.ca\/","name":"Martineau IP","description":"Agents de brevets et marques","publisher":{"@id":"https:\/\/martineauip.ca\/#organization"},"potentialAction":[{"@type":"SearchAction","target":{"@type":"EntryPoint","urlTemplate":"https:\/\/martineauip.ca\/?s={search_term_string}"},"query-input":{"@type":"PropertyValueSpecification","valueRequired":true,"valueName":"search_term_string"}}],"inLanguage":"en-CA"},{"@type":"Organization","@id":"https:\/\/martineauip.ca\/#organization","name":"Martineau IP","url":"https:\/\/martineauip.ca\/","logo":{"@type":"ImageObject","inLanguage":"en-CA","@id":"https:\/\/martineauip.ca\/#\/schema\/logo\/image\/","url":"https:\/\/l-m.ca\/wp-content\/uploads\/logo-martineau-ip-slogan.png","contentUrl":"https:\/\/l-m.ca\/wp-content\/uploads\/logo-martineau-ip-slogan.png","width":240,"height":96,"caption":"Martineau IP"},"image":{"@id":"https:\/\/martineauip.ca\/#\/schema\/logo\/image\/"},"sameAs":["https:\/\/www.linkedin.com\/company\/lesperance-martineau\/"]}]}},"_links":{"self":[{"href":"https:\/\/martineauip.ca\/en\/wp-json\/wp\/v2\/pages\/23","targetHints":{"allow":["GET"]}}],"collection":[{"href":"https:\/\/martineauip.ca\/en\/wp-json\/wp\/v2\/pages"}],"about":[{"href":"https:\/\/martineauip.ca\/en\/wp-json\/wp\/v2\/types\/page"}],"author":[{"embeddable":true,"href":"https:\/\/martineauip.ca\/en\/wp-json\/wp\/v2\/users\/1"}],"replies":[{"embeddable":true,"href":"https:\/\/martineauip.ca\/en\/wp-json\/wp\/v2\/comments?post=23"}],"version-history":[{"count":6,"href":"https:\/\/martineauip.ca\/en\/wp-json\/wp\/v2\/pages\/23\/revisions"}],"predecessor-version":[{"id":3537,"href":"https:\/\/martineauip.ca\/en\/wp-json\/wp\/v2\/pages\/23\/revisions\/3537"}],"wp:attachment":[{"href":"https:\/\/martineauip.ca\/en\/wp-json\/wp\/v2\/media?parent=23"}],"curies":[{"name":"wp","href":"https:\/\/api.w.org\/{rel}","templated":true}]}}