{"id":2685,"date":"2021-03-21T18:14:46","date_gmt":"2021-03-21T18:14:46","guid":{"rendered":"https:\/\/l-m.ca\/?page_id=2685"},"modified":"2023-01-21T21:11:02","modified_gmt":"2023-01-21T21:11:02","slug":"informations-sur-la-propriete-intellectuelle","status":"publish","type":"page","link":"https:\/\/martineauip.ca\/en\/information-about-intellectual-property\/","title":{"rendered":"Information about intellectual property"},"content":{"rendered":"<h1 class=\"wp-block-heading translation-block\"><strong>INTELLECTUAL PROPERTY<\/strong> INFORMATIONS<\/h1>\n\n\n\n<figure class=\"wp-block-image size-large\"><img fetchpriority=\"high\" decoding=\"async\" width=\"900\" height=\"538\" src=\"https:\/\/l-m.ca\/wp-content\/uploads\/registered-trademark-symbol.jpg\" alt=\"Information about intellectual property - Lesp\u00e9rance &amp; Martineau\" class=\"wp-image-2514\" srcset=\"https:\/\/martineauip.ca\/wp-content\/uploads\/registered-trademark-symbol.jpg 900w, https:\/\/martineauip.ca\/wp-content\/uploads\/registered-trademark-symbol-300x179.jpg 300w, https:\/\/martineauip.ca\/wp-content\/uploads\/registered-trademark-symbol-768x459.jpg 768w\" sizes=\"(max-width: 900px) 100vw, 900px\" \/><\/figure>\n\n\n\n<p>Here is information on intellectual property and its components.<\/p>\n\n\n\n<div style=\"height:50px\" aria-hidden=\"true\" class=\"wp-block-spacer\"><\/div>\n\n\n\n<h2 class=\"wp-block-heading\">Patents<\/h2>\n\n\n\n<p>A patent is a document by which the government of a country allows a protection on an invention.<\/p>\n\n\n\n<p>The patent provides to the patent owner the exclusive right to make, use and sell this invention inside the country in which the patent is in force. Generally, a patent remains in force from its issue date and for a period of twenty years starting from its filing date.<\/p>\n\n\n\n<p>A patent agent may be hired by an applicant to try to obtain a patent having the best possible protection for the invention. The patent agent thus prepares a patent application and deals with the governmental patent Office in the steps towards obtaining a patent. But the final decision on the allowance or the refusal of a patent is taken by the patent Office.<\/p>\n\n\n\n<p>To obtain a patent in more than one country, it is necessary to file an application in each country, and each application will be inspected independently.<\/p>\n\n\n\n<h3 class=\"wp-block-heading\" style=\"color: #333;\">Patentability criteria<\/h3>\n\n\n\n<p>To be patentable, an invention must comply with the criteria of novelty, unobviousness and utility, i.e. must be susceptible of commercial or industrial applications.<\/p>\n\n\n\n<p>Moreover, it is highly recommended that no public disclosure of the invention occur before the filing of the patent application. A public disclosure can be, for example, the sale or the advertising of a product. The occurence of such a public disclosure before the patent application filing date can prevent a patent from being granted in most countries. There exists however in Canada and the United States a one (1) year grace period before the filing of the patent application during which a public disclosure of the invention may occur without hindering the validity of a potential patent in those two countries.<\/p>\n\n\n\n<p>For more information, please consult the following documentation:<\/p>\n\n\n\n<ul class=\"wp-block-list\">\n<li><a href=\"https:\/\/l-m.ca\/wp-content\/uploads\/Advantages-of-patenting-an-invention.pdf\" target=\"_blank\" rel=\"noreferrer noopener\">Advantages of patenting an invention<\/a><\/li>\n\n\n\n<li><a href=\"https:\/\/l-m.ca\/wp-content\/uploads\/Patenting-process.pdf\" target=\"_blank\" rel=\"noreferrer noopener\">Patenting process<\/a><\/li>\n\n\n\n<li><a href=\"https:\/\/l-m.ca\/wp-content\/uploads\/Right-to-file-a-patent-application.pdf\" target=\"_blank\" rel=\"noreferrer noopener\">Right to file a patent application<\/a><\/li>\n<\/ul>\n\n\n\n<div style=\"height:50px\" aria-hidden=\"true\" class=\"wp-block-spacer\"><\/div>\n\n\n\n<h2 class=\"wp-block-heading\">Trade Marks<\/h2>\n\n\n\n<p>A trade mark is a word or a group of words, possibly combined with a particular styling of this word or group of words, used to distinguish the source of wares or services on the market. It is possible to obtain an exclusive right on a trade mark, in association with particular wares or services, by registering this trade mark before the government of a country. Examples of publicly known registered trade marks are McDonalds and Coca-Cola.<\/p>\n\n\n\n<p class=\"translation-block\">It is necessary to register the trade mark in each country in which such a protection is desired, and the decision whether a trade mark will be registered or not will be taken by <a href=\"http:\/\/www.ic.gc.ca\/eic\/site\/cipointernet-internetopic.nsf\/fra\/h_wr00002.html\" target=\"_blank\" rel=\"noreferrer noopener\">the trade marks offices<\/a> of the countries in which a trade mark application is filed.<\/p>\n\n\n\n<p>Our role is to act on the applicant's behalf before the governments of the countries in which (s)he desires to protect a trade mark to attempt registering this trade mark.<\/p>\n\n\n\n<p>For more information, please consult the following documentation:<\/p>\n\n\n\n<ul class=\"wp-block-list\">\n<li><a href=\"https:\/\/l-m.ca\/wp-content\/uploads\/Advantages-of-registering-a-Trade-Mark.pdf\" target=\"_blank\" rel=\"noreferrer noopener\">Advantages of registering a Trade-Mark<\/a><\/li>\n\n\n\n<li><a href=\"https:\/\/l-m.ca\/wp-content\/uploads\/Trade-Mark-registration-process.pdf\" target=\"_blank\" rel=\"noreferrer noopener\">Trade-Mark registration process<\/a><\/li>\n\n\n\n<li><a href=\"https:\/\/l-m.ca\/wp-content\/uploads\/Preserving-a-Trade-Mark-registration.pdf\" target=\"_blank\" rel=\"noreferrer noopener\">Preserving a Trade-Mark registration<\/a><\/li>\n<\/ul>\n\n\n\n<div style=\"height:50px\" aria-hidden=\"true\" class=\"wp-block-spacer\"><\/div>\n\n\n\n<h2 class=\"wp-block-heading\">Industrial designs<\/h2>\n\n\n\n<p>An industrial design relates to the visual characteristics of the configuration, the ornament or the decorative elements of an object. For example, the shape of a table of the decoration of a spoon handle. The object can be hand-made or made by means of a tool or machine.<\/p>\n\n\n\n<p>The design must have characteristics whose purpose is to catch the eye. Even though the Industrial Design Office does not evaluate the aesthetic quality of these characteristics, it will evaluate its originality.<\/p>\n\n\n\n<div style=\"height:50px\" aria-hidden=\"true\" class=\"wp-block-spacer\"><\/div>\n\n\n\n<h2 class=\"wp-block-heading\">Copyrights<\/h2>\n\n\n\n<p>In simple words, the expression \"copyright\" means \"right to reproduce\". Only the owner of a creation is allowed to make or copy this creation or to allow someone else to do so. The creation can be artistic, literary or musical. For example, computer software code is often protected by a copyright. The copyright in fact exists automatically upon completion of the creation. However, it can be advantageous to register this copyright. We take care of obtaining such registration for our clients.<\/p>","protected":false},"excerpt":{"rendered":"<p>INFORMATIONS SUR LA PROPRI\u00c9T\u00c9 INTELLECTUELLE Voici des informations sur la propri\u00e9t\u00e9 intellectuelle et ces composantes. Les brevets Un brevet prot\u00e8ge une invention qui se d\u00e9finit comme la solution technique apport\u00e9e &#8230;<\/p>","protected":false},"author":1,"featured_media":2514,"parent":0,"menu_order":3,"comment_status":"closed","ping_status":"closed","template":"template-fullwidth.php","meta":{"_mbp_gutenberg_autopost":false,"footnotes":""},"class_list":["post-2685","page","type-page","status-publish","has-post-thumbnail","hentry"],"yoast_head":"<!-- This site is optimized with the Yoast SEO plugin v26.4 - https:\/\/yoast.com\/wordpress\/plugins\/seo\/ -->\n<title>Informations sur la propri\u00e9t\u00e9 intellectuelle - Martineau IP<\/title>\n<meta name=\"description\" content=\"Informations sur la propri\u00e9t\u00e9 intellectuelle et ces composantes : brevets, marques de commerce, dessins industriels et droits d&#039;auteur.\" \/>\n<meta name=\"robots\" content=\"index, follow, max-snippet:-1, max-image-preview:large, max-video-preview:-1\" \/>\n<link rel=\"canonical\" href=\"https:\/\/martineauip.ca\/en\/informations-sur-la-propriete-intellectuelle\/\" \/>\n<meta property=\"og:locale\" content=\"en_US\" \/>\n<meta property=\"og:type\" content=\"article\" \/>\n<meta property=\"og:title\" content=\"Informations sur la propri\u00e9t\u00e9 intellectuelle - Martineau IP\" \/>\n<meta property=\"og:description\" content=\"Informations sur la propri\u00e9t\u00e9 intellectuelle et ces composantes : brevets, marques de commerce, dessins industriels et droits d&#039;auteur.\" \/>\n<meta property=\"og:url\" content=\"https:\/\/martineauip.ca\/en\/informations-sur-la-propriete-intellectuelle\/\" \/>\n<meta property=\"og:site_name\" content=\"Martineau IP\" \/>\n<meta property=\"article:modified_time\" content=\"2023-01-21T21:11:02+00:00\" \/>\n<meta property=\"og:image\" content=\"https:\/\/martineauip.ca\/wp-content\/uploads\/registered-trademark-symbol.jpg\" \/>\n\t<meta property=\"og:image:width\" content=\"900\" \/>\n\t<meta property=\"og:image:height\" content=\"538\" \/>\n\t<meta property=\"og:image:type\" content=\"image\/jpeg\" \/>\n<meta name=\"twitter:card\" content=\"summary_large_image\" \/>\n<script type=\"application\/ld+json\" class=\"yoast-schema-graph\">{\"@context\":\"https:\/\/schema.org\",\"@graph\":[{\"@type\":\"WebPage\",\"@id\":\"https:\/\/martineauip.ca\/informations-sur-la-propriete-intellectuelle\/\",\"url\":\"https:\/\/martineauip.ca\/informations-sur-la-propriete-intellectuelle\/\",\"name\":\"Informations sur la propri\u00e9t\u00e9 intellectuelle - Martineau IP\",\"isPartOf\":{\"@id\":\"https:\/\/martineauip.ca\/#website\"},\"primaryImageOfPage\":{\"@id\":\"https:\/\/martineauip.ca\/informations-sur-la-propriete-intellectuelle\/#primaryimage\"},\"image\":{\"@id\":\"https:\/\/martineauip.ca\/informations-sur-la-propriete-intellectuelle\/#primaryimage\"},\"thumbnailUrl\":\"https:\/\/martineauip.ca\/wp-content\/uploads\/registered-trademark-symbol.jpg\",\"datePublished\":\"2021-03-21T18:14:46+00:00\",\"dateModified\":\"2023-01-21T21:11:02+00:00\",\"description\":\"Informations sur la propri\u00e9t\u00e9 intellectuelle et ces composantes : brevets, marques de commerce, dessins industriels et droits d'auteur.\",\"breadcrumb\":{\"@id\":\"https:\/\/martineauip.ca\/informations-sur-la-propriete-intellectuelle\/#breadcrumb\"},\"inLanguage\":\"en-CA\",\"potentialAction\":[{\"@type\":\"ReadAction\",\"target\":[\"https:\/\/martineauip.ca\/informations-sur-la-propriete-intellectuelle\/\"]}]},{\"@type\":\"ImageObject\",\"inLanguage\":\"en-CA\",\"@id\":\"https:\/\/martineauip.ca\/informations-sur-la-propriete-intellectuelle\/#primaryimage\",\"url\":\"https:\/\/martineauip.ca\/wp-content\/uploads\/registered-trademark-symbol.jpg\",\"contentUrl\":\"https:\/\/martineauip.ca\/wp-content\/uploads\/registered-trademark-symbol.jpg\",\"width\":900,\"height\":538,\"caption\":\"Registered trademark law business concept with golden trade mark symbol and gavel 3D illustration.\"},{\"@type\":\"BreadcrumbList\",\"@id\":\"https:\/\/martineauip.ca\/informations-sur-la-propriete-intellectuelle\/#breadcrumb\",\"itemListElement\":[{\"@type\":\"ListItem\",\"position\":1,\"name\":\"Cabinet\",\"item\":\"https:\/\/martineauip.ca\/\"},{\"@type\":\"ListItem\",\"position\":2,\"name\":\"Informations sur la propri\u00e9t\u00e9 intellectuelle\"}]},{\"@type\":\"WebSite\",\"@id\":\"https:\/\/martineauip.ca\/#website\",\"url\":\"https:\/\/martineauip.ca\/\",\"name\":\"Martineau IP\",\"description\":\"Agents de brevets et marques\",\"publisher\":{\"@id\":\"https:\/\/martineauip.ca\/#organization\"},\"potentialAction\":[{\"@type\":\"SearchAction\",\"target\":{\"@type\":\"EntryPoint\",\"urlTemplate\":\"https:\/\/martineauip.ca\/?s={search_term_string}\"},\"query-input\":{\"@type\":\"PropertyValueSpecification\",\"valueRequired\":true,\"valueName\":\"search_term_string\"}}],\"inLanguage\":\"en-CA\"},{\"@type\":\"Organization\",\"@id\":\"https:\/\/martineauip.ca\/#organization\",\"name\":\"Martineau IP\",\"url\":\"https:\/\/martineauip.ca\/\",\"logo\":{\"@type\":\"ImageObject\",\"inLanguage\":\"en-CA\",\"@id\":\"https:\/\/martineauip.ca\/#\/schema\/logo\/image\/\",\"url\":\"https:\/\/l-m.ca\/wp-content\/uploads\/logo-martineau-ip-slogan.png\",\"contentUrl\":\"https:\/\/l-m.ca\/wp-content\/uploads\/logo-martineau-ip-slogan.png\",\"width\":240,\"height\":96,\"caption\":\"Martineau IP\"},\"image\":{\"@id\":\"https:\/\/martineauip.ca\/#\/schema\/logo\/image\/\"},\"sameAs\":[\"https:\/\/www.linkedin.com\/company\/lesperance-martineau\/\"]}]}<\/script>\n<!-- \/ Yoast SEO plugin. -->","yoast_head_json":{"title":"Informations sur la propri\u00e9t\u00e9 intellectuelle - Martineau IP","description":"Informations sur la propri\u00e9t\u00e9 intellectuelle et ces composantes : brevets, marques de commerce, dessins industriels et droits d'auteur.","robots":{"index":"index","follow":"follow","max-snippet":"max-snippet:-1","max-image-preview":"max-image-preview:large","max-video-preview":"max-video-preview:-1"},"canonical":"https:\/\/martineauip.ca\/en\/informations-sur-la-propriete-intellectuelle\/","og_locale":"en_US","og_type":"article","og_title":"Informations sur la propri\u00e9t\u00e9 intellectuelle - Martineau IP","og_description":"Informations sur la propri\u00e9t\u00e9 intellectuelle et ces composantes : brevets, marques de commerce, dessins industriels et droits d'auteur.","og_url":"https:\/\/martineauip.ca\/en\/informations-sur-la-propriete-intellectuelle\/","og_site_name":"Martineau IP","article_modified_time":"2023-01-21T21:11:02+00:00","og_image":[{"width":900,"height":538,"url":"https:\/\/martineauip.ca\/wp-content\/uploads\/registered-trademark-symbol.jpg","type":"image\/jpeg"}],"twitter_card":"summary_large_image","schema":{"@context":"https:\/\/schema.org","@graph":[{"@type":"WebPage","@id":"https:\/\/martineauip.ca\/informations-sur-la-propriete-intellectuelle\/","url":"https:\/\/martineauip.ca\/informations-sur-la-propriete-intellectuelle\/","name":"Informations sur la propri\u00e9t\u00e9 intellectuelle - Martineau IP","isPartOf":{"@id":"https:\/\/martineauip.ca\/#website"},"primaryImageOfPage":{"@id":"https:\/\/martineauip.ca\/informations-sur-la-propriete-intellectuelle\/#primaryimage"},"image":{"@id":"https:\/\/martineauip.ca\/informations-sur-la-propriete-intellectuelle\/#primaryimage"},"thumbnailUrl":"https:\/\/martineauip.ca\/wp-content\/uploads\/registered-trademark-symbol.jpg","datePublished":"2021-03-21T18:14:46+00:00","dateModified":"2023-01-21T21:11:02+00:00","description":"Informations sur la propri\u00e9t\u00e9 intellectuelle et ces composantes : brevets, marques de commerce, dessins industriels et droits d'auteur.","breadcrumb":{"@id":"https:\/\/martineauip.ca\/informations-sur-la-propriete-intellectuelle\/#breadcrumb"},"inLanguage":"en-CA","potentialAction":[{"@type":"ReadAction","target":["https:\/\/martineauip.ca\/informations-sur-la-propriete-intellectuelle\/"]}]},{"@type":"ImageObject","inLanguage":"en-CA","@id":"https:\/\/martineauip.ca\/informations-sur-la-propriete-intellectuelle\/#primaryimage","url":"https:\/\/martineauip.ca\/wp-content\/uploads\/registered-trademark-symbol.jpg","contentUrl":"https:\/\/martineauip.ca\/wp-content\/uploads\/registered-trademark-symbol.jpg","width":900,"height":538,"caption":"Registered trademark law business concept with golden trade mark symbol and gavel 3D illustration."},{"@type":"BreadcrumbList","@id":"https:\/\/martineauip.ca\/informations-sur-la-propriete-intellectuelle\/#breadcrumb","itemListElement":[{"@type":"ListItem","position":1,"name":"Cabinet","item":"https:\/\/martineauip.ca\/"},{"@type":"ListItem","position":2,"name":"Informations sur la propri\u00e9t\u00e9 intellectuelle"}]},{"@type":"WebSite","@id":"https:\/\/martineauip.ca\/#website","url":"https:\/\/martineauip.ca\/","name":"Martineau IP","description":"Agents de brevets et marques","publisher":{"@id":"https:\/\/martineauip.ca\/#organization"},"potentialAction":[{"@type":"SearchAction","target":{"@type":"EntryPoint","urlTemplate":"https:\/\/martineauip.ca\/?s={search_term_string}"},"query-input":{"@type":"PropertyValueSpecification","valueRequired":true,"valueName":"search_term_string"}}],"inLanguage":"en-CA"},{"@type":"Organization","@id":"https:\/\/martineauip.ca\/#organization","name":"Martineau IP","url":"https:\/\/martineauip.ca\/","logo":{"@type":"ImageObject","inLanguage":"en-CA","@id":"https:\/\/martineauip.ca\/#\/schema\/logo\/image\/","url":"https:\/\/l-m.ca\/wp-content\/uploads\/logo-martineau-ip-slogan.png","contentUrl":"https:\/\/l-m.ca\/wp-content\/uploads\/logo-martineau-ip-slogan.png","width":240,"height":96,"caption":"Martineau IP"},"image":{"@id":"https:\/\/martineauip.ca\/#\/schema\/logo\/image\/"},"sameAs":["https:\/\/www.linkedin.com\/company\/lesperance-martineau\/"]}]}},"_links":{"self":[{"href":"https:\/\/martineauip.ca\/en\/wp-json\/wp\/v2\/pages\/2685","targetHints":{"allow":["GET"]}}],"collection":[{"href":"https:\/\/martineauip.ca\/en\/wp-json\/wp\/v2\/pages"}],"about":[{"href":"https:\/\/martineauip.ca\/en\/wp-json\/wp\/v2\/types\/page"}],"author":[{"embeddable":true,"href":"https:\/\/martineauip.ca\/en\/wp-json\/wp\/v2\/users\/1"}],"replies":[{"embeddable":true,"href":"https:\/\/martineauip.ca\/en\/wp-json\/wp\/v2\/comments?post=2685"}],"version-history":[{"count":0,"href":"https:\/\/martineauip.ca\/en\/wp-json\/wp\/v2\/pages\/2685\/revisions"}],"wp:featuredmedia":[{"embeddable":true,"href":"https:\/\/martineauip.ca\/en\/wp-json\/wp\/v2\/media\/2514"}],"wp:attachment":[{"href":"https:\/\/martineauip.ca\/en\/wp-json\/wp\/v2\/media?parent=2685"}],"curies":[{"name":"wp","href":"https:\/\/api.w.org\/{rel}","templated":true}]}}